{"id":15,"date":"2022-03-02T15:27:43","date_gmt":"2022-03-02T14:27:43","guid":{"rendered":"http:\/\/owit.sosnowiec.pl\/?page_id=15"},"modified":"2026-04-16T18:38:20","modified_gmt":"2026-04-16T16:38:20","slug":"grafik-pracy","status":"publish","type":"page","link":"http:\/\/owitsosnowiec.pl\/?page_id=15","title":{"rendered":"GRAFIK PRACY"},"content":{"rendered":"\n<figure class=\"wp-block-table\"><table class=\"has-fixed-layout\"><tbody><tr><td><\/td><td><strong>KONSULTACJE BEZPO\u015aREDNIE ZE SPECJALISTAMI<\/strong><\/td><td><strong>OBS\u0141UGA TELEFONICZNA I MAILOWA<\/strong><\/td><\/tr><tr><td><strong>poniedzia\u0142ek<\/strong><\/td><td>13:00-19:00<\/td><td>11:00-19:00<\/td><\/tr><tr><td><strong>wtorek<\/strong><\/td><td><\/td><td>11:00-19:00<\/td><\/tr><tr><td><strong>\u015broda<\/strong><\/td><td>12:00-18:00<\/td><td>11:00-19:00<\/td><\/tr><tr><td><strong>czwartek<\/strong><\/td><td>13:00-19:00<\/td><td>11:00-19:00<\/td><\/tr><tr><td><strong>pi\u0105tek<\/strong><\/td><td>14:00-20:00<\/td><td>11:00-19:00<\/td><\/tr><\/tbody><\/table><\/figure>\n\n\n\n<div class=\"wp-block-columns is-layout-flex wp-container-core-columns-is-layout-28f84493 wp-block-columns-is-layout-flex\">\n<div class=\"wp-block-column is-layout-flow wp-block-column-is-layout-flow\"><\/div>\n\n\n\n<div class=\"wp-block-column is-layout-flow wp-block-column-is-layout-flow\"><\/div>\n<\/div>\n\n\n\n<p><\/p>\n","protected":false},"excerpt":{"rendered":"<p>KONSULTACJE BEZPO\u015aREDNIE ZE SPECJALISTAMI OBS\u0141UGA TELEFONICZNA I MAILOWA poniedzia\u0142ek 13:00-19:00 11:00-19:00 wtorek 11:00-19:00 \u015broda 12:00-18:00 11:00-19:00 czwartek 13:00-19:00 11:00-19:00 pi\u0105tek 14:00-20:00 11:00-19:00<\/p>\n","protected":false},"author":1,"featured_media":0,"parent":0,"menu_order":0,"comment_status":"closed","ping_status":"closed","template":"","meta":{"footnotes":""},"class_list":["post-15","page","type-page","status-publish","hentry"],"yoast_head":"<!-- This site is optimized with the Yoast SEO plugin v27.2 - https:\/\/yoast.com\/product\/yoast-seo-wordpress\/ -->\n<title>grafik pracy O\u015brodka Wsparcia i Test\u00f3w w Sosnowcu<\/title>\n<meta name=\"robots\" content=\"index, follow, max-snippet:-1, max-image-preview:large, max-video-preview:-1\" \/>\n<link rel=\"canonical\" href=\"https:\/\/owitsosnowiec.pl\/?page_id=15\" \/>\n<meta property=\"og:locale\" content=\"pl_PL\" \/>\n<meta property=\"og:type\" content=\"article\" \/>\n<meta property=\"og:title\" content=\"grafik pracy O\u015brodka Wsparcia i Test\u00f3w w Sosnowcu\" \/>\n<meta property=\"og:description\" content=\"KONSULTACJE BEZPO\u015aREDNIE ZE SPECJALISTAMI OBS\u0141UGA TELEFONICZNA I MAILOWA poniedzia\u0142ek 13:00-19:00 11:00-19:00 wtorek 11:00-19:00 \u015broda 12:00-18:00 11:00-19:00 czwartek 13:00-19:00 11:00-19:00 pi\u0105tek 14:00-20:00 11:00-19:00\" \/>\n<meta property=\"og:url\" content=\"https:\/\/owitsosnowiec.pl\/?page_id=15\" \/>\n<meta property=\"og:site_name\" content=\"O\u015brodek Wsparcia i Test\u00f3w w Sosnowcu\" \/>\n<meta property=\"article:modified_time\" content=\"2026-04-16T16:38:20+00:00\" \/>\n<meta name=\"twitter:card\" content=\"summary_large_image\" \/>\n<meta name=\"twitter:label1\" content=\"Szacowany czas czytania\" \/>\n\t<meta name=\"twitter:data1\" content=\"1 minuta\" \/>\n<script type=\"application\/ld+json\" class=\"yoast-schema-graph\">{\"@context\":\"https:\/\/schema.org\",\"@graph\":[{\"@type\":\"WebPage\",\"@id\":\"https:\/\/owitsosnowiec.pl\/?page_id=15\",\"url\":\"https:\/\/owitsosnowiec.pl\/?page_id=15\",\"name\":\"grafik pracy O\u015brodka Wsparcia i Test\u00f3w w Sosnowcu\",\"isPartOf\":{\"@id\":\"http:\/\/owitsosnowiec.pl\/#website\"},\"datePublished\":\"2022-03-02T14:27:43+00:00\",\"dateModified\":\"2026-04-16T16:38:20+00:00\",\"breadcrumb\":{\"@id\":\"https:\/\/owitsosnowiec.pl\/?page_id=15#breadcrumb\"},\"inLanguage\":\"pl-PL\",\"potentialAction\":[{\"@type\":\"ReadAction\",\"target\":[\"https:\/\/owitsosnowiec.pl\/?page_id=15\"]}]},{\"@type\":\"BreadcrumbList\",\"@id\":\"https:\/\/owitsosnowiec.pl\/?page_id=15#breadcrumb\",\"itemListElement\":[{\"@type\":\"ListItem\",\"position\":1,\"name\":\"Home\",\"item\":\"http:\/\/owitsosnowiec.pl\/\"},{\"@type\":\"ListItem\",\"position\":2,\"name\":\"GRAFIK PRACY\"}]},{\"@type\":\"WebSite\",\"@id\":\"http:\/\/owitsosnowiec.pl\/#website\",\"url\":\"http:\/\/owitsosnowiec.pl\/\",\"name\":\"O\u015brodek Wsparcia i Test\u00f3w w Sosnowcu\",\"description\":\"\",\"publisher\":{\"@id\":\"http:\/\/owitsosnowiec.pl\/#organization\"},\"potentialAction\":[{\"@type\":\"SearchAction\",\"target\":{\"@type\":\"EntryPoint\",\"urlTemplate\":\"http:\/\/owitsosnowiec.pl\/?s={search_term_string}\"},\"query-input\":{\"@type\":\"PropertyValueSpecification\",\"valueRequired\":true,\"valueName\":\"search_term_string\"}}],\"inLanguage\":\"pl-PL\"},{\"@type\":\"Organization\",\"@id\":\"http:\/\/owitsosnowiec.pl\/#organization\",\"name\":\"O\u015brodek Wsparcia i Test\u00f3w w Sosnowcu\",\"url\":\"http:\/\/owitsosnowiec.pl\/\",\"logo\":{\"@type\":\"ImageObject\",\"inLanguage\":\"pl-PL\",\"@id\":\"http:\/\/owitsosnowiec.pl\/#\/schema\/logo\/image\/\",\"url\":\"http:\/\/owitsosnowiec.pl\/wp-content\/uploads\/2026\/04\/Projekt-bez-nazwy.png\",\"contentUrl\":\"http:\/\/owitsosnowiec.pl\/wp-content\/uploads\/2026\/04\/Projekt-bez-nazwy.png\",\"width\":2017,\"height\":733,\"caption\":\"O\u015brodek Wsparcia i Test\u00f3w w Sosnowcu\"},\"image\":{\"@id\":\"http:\/\/owitsosnowiec.pl\/#\/schema\/logo\/image\/\"}}]}<\/script>\n<!-- \/ Yoast SEO plugin. -->","yoast_head_json":{"title":"grafik pracy O\u015brodka Wsparcia i Test\u00f3w w Sosnowcu","robots":{"index":"index","follow":"follow","max-snippet":"max-snippet:-1","max-image-preview":"max-image-preview:large","max-video-preview":"max-video-preview:-1"},"canonical":"https:\/\/owitsosnowiec.pl\/?page_id=15","og_locale":"pl_PL","og_type":"article","og_title":"grafik pracy O\u015brodka Wsparcia i Test\u00f3w w Sosnowcu","og_description":"KONSULTACJE BEZPO\u015aREDNIE ZE SPECJALISTAMI OBS\u0141UGA TELEFONICZNA I MAILOWA poniedzia\u0142ek 13:00-19:00 11:00-19:00 wtorek 11:00-19:00 \u015broda 12:00-18:00 11:00-19:00 czwartek 13:00-19:00 11:00-19:00 pi\u0105tek 14:00-20:00 11:00-19:00","og_url":"https:\/\/owitsosnowiec.pl\/?page_id=15","og_site_name":"O\u015brodek Wsparcia i Test\u00f3w w Sosnowcu","article_modified_time":"2026-04-16T16:38:20+00:00","twitter_card":"summary_large_image","twitter_misc":{"Szacowany czas czytania":"1 minuta"},"schema":{"@context":"https:\/\/schema.org","@graph":[{"@type":"WebPage","@id":"https:\/\/owitsosnowiec.pl\/?page_id=15","url":"https:\/\/owitsosnowiec.pl\/?page_id=15","name":"grafik pracy O\u015brodka Wsparcia i Test\u00f3w w Sosnowcu","isPartOf":{"@id":"http:\/\/owitsosnowiec.pl\/#website"},"datePublished":"2022-03-02T14:27:43+00:00","dateModified":"2026-04-16T16:38:20+00:00","breadcrumb":{"@id":"https:\/\/owitsosnowiec.pl\/?page_id=15#breadcrumb"},"inLanguage":"pl-PL","potentialAction":[{"@type":"ReadAction","target":["https:\/\/owitsosnowiec.pl\/?page_id=15"]}]},{"@type":"BreadcrumbList","@id":"https:\/\/owitsosnowiec.pl\/?page_id=15#breadcrumb","itemListElement":[{"@type":"ListItem","position":1,"name":"Home","item":"http:\/\/owitsosnowiec.pl\/"},{"@type":"ListItem","position":2,"name":"GRAFIK PRACY"}]},{"@type":"WebSite","@id":"http:\/\/owitsosnowiec.pl\/#website","url":"http:\/\/owitsosnowiec.pl\/","name":"O\u015brodek Wsparcia i Test\u00f3w w Sosnowcu","description":"","publisher":{"@id":"http:\/\/owitsosnowiec.pl\/#organization"},"potentialAction":[{"@type":"SearchAction","target":{"@type":"EntryPoint","urlTemplate":"http:\/\/owitsosnowiec.pl\/?s={search_term_string}"},"query-input":{"@type":"PropertyValueSpecification","valueRequired":true,"valueName":"search_term_string"}}],"inLanguage":"pl-PL"},{"@type":"Organization","@id":"http:\/\/owitsosnowiec.pl\/#organization","name":"O\u015brodek Wsparcia i Test\u00f3w w Sosnowcu","url":"http:\/\/owitsosnowiec.pl\/","logo":{"@type":"ImageObject","inLanguage":"pl-PL","@id":"http:\/\/owitsosnowiec.pl\/#\/schema\/logo\/image\/","url":"http:\/\/owitsosnowiec.pl\/wp-content\/uploads\/2026\/04\/Projekt-bez-nazwy.png","contentUrl":"http:\/\/owitsosnowiec.pl\/wp-content\/uploads\/2026\/04\/Projekt-bez-nazwy.png","width":2017,"height":733,"caption":"O\u015brodek Wsparcia i Test\u00f3w w Sosnowcu"},"image":{"@id":"http:\/\/owitsosnowiec.pl\/#\/schema\/logo\/image\/"}}]}},"_links":{"self":[{"href":"http:\/\/owitsosnowiec.pl\/index.php?rest_route=\/wp\/v2\/pages\/15","targetHints":{"allow":["GET"]}}],"collection":[{"href":"http:\/\/owitsosnowiec.pl\/index.php?rest_route=\/wp\/v2\/pages"}],"about":[{"href":"http:\/\/owitsosnowiec.pl\/index.php?rest_route=\/wp\/v2\/types\/page"}],"author":[{"embeddable":true,"href":"http:\/\/owitsosnowiec.pl\/index.php?rest_route=\/wp\/v2\/users\/1"}],"replies":[{"embeddable":true,"href":"http:\/\/owitsosnowiec.pl\/index.php?rest_route=%2Fwp%2Fv2%2Fcomments&post=15"}],"version-history":[{"count":1,"href":"http:\/\/owitsosnowiec.pl\/index.php?rest_route=\/wp\/v2\/pages\/15\/revisions"}],"predecessor-version":[{"id":451,"href":"http:\/\/owitsosnowiec.pl\/index.php?rest_route=\/wp\/v2\/pages\/15\/revisions\/451"}],"wp:attachment":[{"href":"http:\/\/owitsosnowiec.pl\/index.php?rest_route=%2Fwp%2Fv2%2Fmedia&parent=15"}],"curies":[{"name":"wp","href":"https:\/\/api.w.org\/{rel}","templated":true}]}}